{"id":3,"date":"2023-01-27T15:40:13","date_gmt":"2023-01-27T13:40:13","guid":{"rendered":"https:\/\/2023.bellevillepharmexperts.com\/home\/newbellevillepharmexperts\/public_html\/?page_id=3"},"modified":"2023-07-03T09:09:40","modified_gmt":"2023-07-03T07:09:40","slug":"privacy-policy","status":"publish","type":"page","link":"https:\/\/2023.bellevillepharmexperts.com\/en\/privacy-policy\/","title":{"rendered":"Legal notice"},"content":{"rendered":"<div data-elementor-type=\"wp-page\" data-elementor-id=\"3\" class=\"elementor elementor-3\">\n\t\t\t\t\t\t\t\t\t<section class=\"elementor-section elementor-top-section elementor-element elementor-element-591a6fe elementor-section-boxed elementor-section-height-default elementor-section-height-default wpr-particle-no wpr-jarallax-no wpr-parallax-no wpr-sticky-section-no\" data-id=\"591a6fe\" data-element_type=\"section\">\n\t\t\t\t\t\t<div class=\"elementor-container elementor-column-gap-default\">\n\t\t\t\t\t<div class=\"elementor-column elementor-col-100 elementor-top-column elementor-element elementor-element-0ca52af\" data-id=\"0ca52af\" data-element_type=\"column\">\n\t\t\t<div class=\"elementor-widget-wrap elementor-element-populated\">\n\t\t\t\t\t\t\t\t<div class=\"elementor-element elementor-element-f85b6b4 elementor-widget elementor-widget-text-editor\" data-id=\"f85b6b4\" data-element_type=\"widget\" data-widget_type=\"text-editor.default\">\n\t\t\t\t<div class=\"elementor-widget-container\">\n\t\t\t<style>\/*! elementor - v3.13.3 - 28-05-2023 *\/\n.elementor-widget-text-editor.elementor-drop-cap-view-stacked .elementor-drop-cap{background-color:#69727d;color:#fff}.elementor-widget-text-editor.elementor-drop-cap-view-framed .elementor-drop-cap{color:#69727d;border:3px solid;background-color:transparent}.elementor-widget-text-editor:not(.elementor-drop-cap-view-default) .elementor-drop-cap{margin-top:8px}.elementor-widget-text-editor:not(.elementor-drop-cap-view-default) .elementor-drop-cap-letter{width:1em;height:1em}.elementor-widget-text-editor .elementor-drop-cap{float:left;text-align:center;line-height:1;font-size:50px}.elementor-widget-text-editor .elementor-drop-cap-letter{display:inline-block}<\/style>\t\t\t\t<h2 style=\"text-align: center;\"><strong>LEGAL NOTICE<\/strong><\/h2>\n<h2 style=\"text-align: center;\"><strong>SITE BELLEVILLE PHARMEXPERTS<\/strong><\/h2>\n<h5>PUBLISHER<\/h5>\n<p>The www.bellevillepharmexperts.com website (hereinafter referred to as the \u00ab\u00a0Site\u00a0\u00bb) is published by BELLEVILLE PHARMEXPERTS S.A.S, a Soci\u00e9t\u00e9 par Actions Simplifi\u00e9e (simplified joint stock company) with capital of 10,400 euros, registered in the Nanterre Trade and Companies Register under number 510 406 846 and with its registered office at 15, Parc de B\u00e9arn 92210 SAINT CLOUD.<\/p><p><span style=\"color: var( --e-global-color-text ); font-family: var( --e-global-typography-accent-font-family ), Sans-serif;\">Telephone number: +33 (0)6 11 02 71 15<\/span><\/p>\n<p>Email: <a href=\"mailto:contact@bellevillepharmexperts.com\">contact@bellevillepharmexperts.com<\/a><\/p>\n<p><strong>Publication manager<\/strong>: M. Laurent CLERC, Managing Director, BELLEVILLE PHARMEXPERTS S.A.S.<\/p>\n<p><strong>Host<\/strong>: OVH<\/p>\n<div><span lang=\"EN-US\">The site can be accessed at www.bellevillepharmexperts.com and is hosted by OVH 59820 Gravelines &#8211; Head office: <\/span> 2 Rue Kellermann \u2013 59100 Roubaix \u2013 France, accessible \u00e0 http:\/\/www.ovh.com.<br><br><\/div>\n<p><strong>Production<\/strong>: Laurent WACHORU \/\/ <span lang=\"EN-US\">Art director, publishing : visual identity : press : web ; <\/span> tel : 06 75 33 01 20 :<\/p>\n<h5>INTELLECTUAL PROPERTY<\/h5>\n<div>\n<p><span lang=\"EN-US\">BELLEVILLE PHARMEXPERTS owns and\/or has the necessary authorizations to distribute all content, data, pages, articles, photos, illustrations, animated sequences, sound, trademarks and logos. Any copy, reproduction, modification, downloading, transmission, distribution or representation of one or more elements of the Site, in whole or in part, on any medium whatsoever, is prohibited and illegal without the prior and express authorization of BELLEVILLE PHARMEXPERTS.<\/span><\/p>\n<\/div>\n<div>\n<p><span lang=\"EN-US\">Failure to respect the intellectual property rights detailed below may give rise to civil and criminal liability, in accordance with the provisions of the French Intellectual Property Code.<\/span><\/p>\n<\/div>\n<h5><span style=\"font-size: 16px;\">AUTHORIZATION TO REPRODUCE CONTENT AND SET UP HYPERLINKS<\/span><\/h5>\n<div>\n<p><span lang=\"EN-US\">For all information and requests for reproduction of content published on the site www.bellevillepharmexperts (text, graphics, illustrations) regardless of the medium, the user is invited to send an e-mail to contact@bellevillepharmexperts.com.<\/span><\/p>\n<\/div>\n<h5><span style=\"font-size: 16px;\">HYPERTEXT LINKS<\/span><\/h5>\n<div>\n<p><span lang=\"EN-US\">BELLEVILLE PHARMEXPERTS SAS cannot be held responsible for any hypertext links set up within the framework of the present site to other resources on the Internet. Users of the site may not set up a hypertext link to this site without the express prior authorization of BELLEVILLE PHARMEXPERTS.<\/span><\/p>\n<\/div>\n<h5><span style=\"font-size: 16px;\">PERSONAL DATA PROTECTION<\/span><\/h5>\n<p>The data collected on this site is intended exclusively for BELLEVILLE PHARMEXPERTS SAS.<\/p>\n<div>\n<p><span lang=\"EN-US\">BELLEVILLE PHARMEXPERTS S.A.S, a Soci\u00e9t\u00e9 par Actions Simplifi\u00e9e (simplified joint stock company) with capital of 10,400 euros, registered in the Nanterre Trade and Companies Register under number 510 406 846 and whose registered office is located at 15, Parc de B\u00e9arn 92210 SAINT CLOUD, is responsible for processing the data collected on the bellevillepharmexperts.com website.<\/span><\/p>\n<\/div>\n<div>\n<p><span lang=\"EN-US\">As the data controller, BELLEVILLE PHARMEXPERTS SAS. processes the data you may provide via the contact form available on this website. We process the data you mention in your contact message, as well as your surname, first name, e-mail address and telephone number, for the purposes of commercial prospecting. Your data will be deleted 4 years after your last contact.<\/span><\/p>\n<\/div>\n<div>\n<p><span lang=\"EN-US\">Users are hereby informed that, in accordance with Article 32 of the French Data Protection Act of January 6, 1978, as amended, the information they provide via the form on the BELLEVILLE PHARMEXPERTS SAS website is required to respond to their request and is intended for use by the departments responsible for responding to their request, for the purposes of following up on this request.<\/span><\/p>\n<\/div>\n<div>\n<p><span lang=\"EN-US\">Your data will not be transferred outside the European Union.<\/span><\/p>\n<\/div>\n<div>\n<p><span lang=\"EN-US\">In the event that BELLEVILLE PHARMEXPETS should do so, it will inform USERS, indicating the measures taken to control this transfer and ensure that the confidentiality of their data is respected.<\/span><\/p>\n<\/div>\n<div><span lang=\"EN-US\">Your personal data will only be processed once your consent has been obtained. You also have the right to withdraw your consent at any time by contacting the data controller at the e-mail address given below.<\/span><\/div>\n<h5><strong style=\"font-size: 16px;\"><span lang=\"EN-US\"><br><\/span><\/strong><\/h5><h5><strong style=\"font-size: 16px;\"><span lang=\"EN-US\">YOUR RIGHTS<\/span><\/strong><\/h5>\n<p>In accordance with the provisions of Articles 39 and 40 of the French Data Protection Act of January 6, 1978, as amended in 2004, the user has the right to access, rectify, update and delete information concerning him or her, which may be exercised by contacting contac@bellevillepharmexperts.com, or by writing to BELLEVILLE PHARMEXPERTS SAS, 15, Parc de B\u00e9arn 92210 SAINT CLOUD, enclosing a copy of proof of identity. In accordance with the provisions of article 38 of the French Data Protection Act of January 6, 1978, amended in 2004, the user may also object, for legitimate reasons, to his or her data being processed, and without reason and at no cost, to his or her data being used for commercial prospecting purposes.<\/p>\n<div><span lang=\"EN-US\">To find out more about your rights, you can also visit the website of the Commission Nationale de l&rsquo;Informatique et des Libert\u00e9s (French Data Protection Authority) at<\/span>: <a href=\"http:\/\/cnil.fr\/\">http:\/\/cnil.fr<\/a>.<\/div>\n<p>If, after contacting us, you feel that your rights under the Data Protection Act have not been respected, you may submit a complaint to the CNIL.<\/p>\n<h5><strong style=\"font-size: 16px;\"><span lang=\"EN-US\">COOKIE MANAGEMENT<\/span><\/strong><\/h5>\n<p>Users are informed that, when visiting the www.bellevillepharmexperts.com website, a cookie may be automatically installed on their browser.<\/p>\n<div>\n<p><span lang=\"EN-US\">A cookie is a block of data that does not allow users to be identified. But is used to record information about their browsing on the site. You can set your browser to notify you when you receive a cookie, and refuse it if you prefer, as described at www.cnil.fr.<\/span><\/p>\n<\/div>\n<div>\n<p><span lang=\"EN-US\">The user has the right to access, withdraw and modify personal data communicated via cookies under the conditions indicated above.<\/span><\/p>\n<\/div>\n<p><!-- wp:heading --><!-- \/wp:paragraph --><\/p>\t\t\t\t\t\t<\/div>\n\t\t\t\t<\/div>\n\t\t\t\t\t<\/div>\n\t\t<\/div>\n\t\t\t\t\t\t\t<\/div>\n\t\t<\/section>\n\t\t\t\t\t\t\t<\/div>","protected":false},"excerpt":{"rendered":"<p>LEGAL NOTICE SITE BELLEVILLE PHARMEXPERTS PUBLISHER The www.bellevillepharmexperts.com website (hereinafter referred to as the \u00ab\u00a0Site\u00a0\u00bb) is published by BELLEVILLE PHARMEXPERTS S.A.S, a Soci\u00e9t\u00e9 par Actions Simplifi\u00e9e (simplified joint stock company) with capital of 10,400 euros, registered in the Nanterre Trade and Companies Register under number 510 406 846 and with its registered office at 15, [&hellip;]<\/p>","protected":false},"author":1,"featured_media":0,"parent":0,"menu_order":0,"comment_status":"closed","ping_status":"closed","template":"elementor_theme","meta":[],"yoast_head":"<!-- This site is optimized with the Yoast SEO plugin v20.8 - https:\/\/yoast.com\/wordpress\/plugins\/seo\/ -->\n<title>Legal notice - BPE<\/title>\n<meta name=\"robots\" content=\"noindex, follow, max-snippet:-1, max-image-preview:large, max-video-preview:-1\" \/>\n<meta property=\"og:locale\" content=\"en_GB\" \/>\n<meta property=\"og:type\" content=\"article\" \/>\n<meta property=\"og:title\" content=\"Legal notice - BPE\" \/>\n<meta property=\"og:description\" content=\"LEGAL NOTICE SITE BELLEVILLE PHARMEXPERTS PUBLISHER The www.bellevillepharmexperts.com website (hereinafter referred to as the \u00ab\u00a0Site\u00a0\u00bb) is published by BELLEVILLE PHARMEXPERTS S.A.S, a Soci\u00e9t\u00e9 par Actions Simplifi\u00e9e (simplified joint stock company) with capital of 10,400 euros, registered in the Nanterre Trade and Companies Register under number 510 406 846 and with its registered office at 15, [&hellip;]\" \/>\n<meta property=\"og:url\" content=\"https:\/\/2023.bellevillepharmexperts.com\/en\/privacy-policy\/\" \/>\n<meta property=\"og:site_name\" content=\"BPE\" \/>\n<meta property=\"article:modified_time\" content=\"2023-07-03T07:09:40+00:00\" \/>\n<meta name=\"twitter:card\" content=\"summary_large_image\" \/>\n<meta name=\"twitter:label1\" content=\"Estimated reading time\" \/>\n\t<meta name=\"twitter:data1\" content=\"5 minutes\" \/>\n<script type=\"application\/ld+json\" class=\"yoast-schema-graph\">{\"@context\":\"https:\/\/schema.org\",\"@graph\":[{\"@type\":\"WebPage\",\"@id\":\"https:\/\/2023.bellevillepharmexperts.com\/en\/privacy-policy\/\",\"url\":\"https:\/\/2023.bellevillepharmexperts.com\/en\/privacy-policy\/\",\"name\":\"Legal notice - BPE\",\"isPartOf\":{\"@id\":\"https:\/\/2023.bellevillepharmexperts.com\/en\/#website\"},\"datePublished\":\"2023-01-27T13:40:13+00:00\",\"dateModified\":\"2023-07-03T07:09:40+00:00\",\"breadcrumb\":{\"@id\":\"https:\/\/2023.bellevillepharmexperts.com\/en\/privacy-policy\/#breadcrumb\"},\"inLanguage\":\"en-GB\",\"potentialAction\":[{\"@type\":\"ReadAction\",\"target\":[\"https:\/\/2023.bellevillepharmexperts.com\/en\/privacy-policy\/\"]}]},{\"@type\":\"BreadcrumbList\",\"@id\":\"https:\/\/2023.bellevillepharmexperts.com\/en\/privacy-policy\/#breadcrumb\",\"itemListElement\":[{\"@type\":\"ListItem\",\"position\":1,\"name\":\"Accueil\",\"item\":\"https:\/\/2023.bellevillepharmexperts.com\/en\/home-page\/\"},{\"@type\":\"ListItem\",\"position\":2,\"name\":\"Legal notice\"}]},{\"@type\":\"WebSite\",\"@id\":\"https:\/\/2023.bellevillepharmexperts.com\/en\/#website\",\"url\":\"https:\/\/2023.bellevillepharmexperts.com\/en\/\",\"name\":\"BPE\",\"description\":\"Belleville Pharmexperts\",\"potentialAction\":[{\"@type\":\"SearchAction\",\"target\":{\"@type\":\"EntryPoint\",\"urlTemplate\":\"https:\/\/2023.bellevillepharmexperts.com\/en\/?s={search_term_string}\"},\"query-input\":\"required name=search_term_string\"}],\"inLanguage\":\"en-GB\"}]}<\/script>\n<!-- \/ Yoast SEO plugin. -->","yoast_head_json":{"title":"Legal notice - BPE","robots":{"index":"noindex","follow":"follow","max-snippet":"max-snippet:-1","max-image-preview":"max-image-preview:large","max-video-preview":"max-video-preview:-1"},"og_locale":"en_GB","og_type":"article","og_title":"Legal notice - BPE","og_description":"LEGAL NOTICE SITE BELLEVILLE PHARMEXPERTS PUBLISHER The www.bellevillepharmexperts.com website (hereinafter referred to as the \u00ab\u00a0Site\u00a0\u00bb) is published by BELLEVILLE PHARMEXPERTS S.A.S, a Soci\u00e9t\u00e9 par Actions Simplifi\u00e9e (simplified joint stock company) with capital of 10,400 euros, registered in the Nanterre Trade and Companies Register under number 510 406 846 and with its registered office at 15, [&hellip;]","og_url":"https:\/\/2023.bellevillepharmexperts.com\/en\/privacy-policy\/","og_site_name":"BPE","article_modified_time":"2023-07-03T07:09:40+00:00","twitter_card":"summary_large_image","twitter_misc":{"Estimated reading time":"5 minutes"},"schema":{"@context":"https:\/\/schema.org","@graph":[{"@type":"WebPage","@id":"https:\/\/2023.bellevillepharmexperts.com\/en\/privacy-policy\/","url":"https:\/\/2023.bellevillepharmexperts.com\/en\/privacy-policy\/","name":"Legal notice - BPE","isPartOf":{"@id":"https:\/\/2023.bellevillepharmexperts.com\/en\/#website"},"datePublished":"2023-01-27T13:40:13+00:00","dateModified":"2023-07-03T07:09:40+00:00","breadcrumb":{"@id":"https:\/\/2023.bellevillepharmexperts.com\/en\/privacy-policy\/#breadcrumb"},"inLanguage":"en-GB","potentialAction":[{"@type":"ReadAction","target":["https:\/\/2023.bellevillepharmexperts.com\/en\/privacy-policy\/"]}]},{"@type":"BreadcrumbList","@id":"https:\/\/2023.bellevillepharmexperts.com\/en\/privacy-policy\/#breadcrumb","itemListElement":[{"@type":"ListItem","position":1,"name":"Accueil","item":"https:\/\/2023.bellevillepharmexperts.com\/en\/home-page\/"},{"@type":"ListItem","position":2,"name":"Legal notice"}]},{"@type":"WebSite","@id":"https:\/\/2023.bellevillepharmexperts.com\/en\/#website","url":"https:\/\/2023.bellevillepharmexperts.com\/en\/","name":"BPE","description":"Belleville Pharmexperts","potentialAction":[{"@type":"SearchAction","target":{"@type":"EntryPoint","urlTemplate":"https:\/\/2023.bellevillepharmexperts.com\/en\/?s={search_term_string}"},"query-input":"required name=search_term_string"}],"inLanguage":"en-GB"}]}},"_links":{"self":[{"href":"https:\/\/2023.bellevillepharmexperts.com\/en\/wp-json\/wp\/v2\/pages\/3"}],"collection":[{"href":"https:\/\/2023.bellevillepharmexperts.com\/en\/wp-json\/wp\/v2\/pages"}],"about":[{"href":"https:\/\/2023.bellevillepharmexperts.com\/en\/wp-json\/wp\/v2\/types\/page"}],"author":[{"embeddable":true,"href":"https:\/\/2023.bellevillepharmexperts.com\/en\/wp-json\/wp\/v2\/users\/1"}],"replies":[{"embeddable":true,"href":"https:\/\/2023.bellevillepharmexperts.com\/en\/wp-json\/wp\/v2\/comments?post=3"}],"version-history":[{"count":30,"href":"https:\/\/2023.bellevillepharmexperts.com\/en\/wp-json\/wp\/v2\/pages\/3\/revisions"}],"predecessor-version":[{"id":2679,"href":"https:\/\/2023.bellevillepharmexperts.com\/en\/wp-json\/wp\/v2\/pages\/3\/revisions\/2679"}],"wp:attachment":[{"href":"https:\/\/2023.bellevillepharmexperts.com\/en\/wp-json\/wp\/v2\/media?parent=3"}],"curies":[{"name":"wp","href":"https:\/\/api.w.org\/{rel}","templated":true}]}}